{"id":11,"date":"2025-06-17T09:06:49","date_gmt":"2025-06-17T07:06:49","guid":{"rendered":"http:\/\/myjnia-reczna-katowice.pl\/?page_id=11"},"modified":"2025-06-17T11:11:02","modified_gmt":"2025-06-17T09:11:02","slug":"kontakt","status":"publish","type":"page","link":"https:\/\/myjnia-reczna-katowice.pl\/?page_id=11","title":{"rendered":"Kontakt"},"content":{"rendered":"\n<p><strong>Dane Kontaktowe:<\/strong><\/p>\n\n\n\n<p><br>Myjnia R\u0119czna &#8211; Ma\u0142gorzata Ba\u0144czyk<br>ul. K\u0142odnicka 44<br>40-702 Katowice<\/p>\n\n\n\n<p>strona: www.myjnia-reczna-katowice.pl<\/p>\n\n\n\n<p>telefon: 881-788-809<\/p>\n\n\n\n<p>mail: kontakt@myjnia-reczna-katowice.pl<\/p>\n\n\n\n<figure class=\"wp-block-image size-large\"><img loading=\"lazy\" decoding=\"async\" width=\"768\" height=\"1024\" src=\"http:\/\/myjnia-reczna-katowice.pl\/wp-content\/uploads\/2025\/06\/myjnia-768x1024.jpeg\" alt=\"\" class=\"wp-image-56\" srcset=\"https:\/\/myjnia-reczna-katowice.pl\/wp-content\/uploads\/2025\/06\/myjnia-768x1024.jpeg 768w, https:\/\/myjnia-reczna-katowice.pl\/wp-content\/uploads\/2025\/06\/myjnia-225x300.jpeg 225w, https:\/\/myjnia-reczna-katowice.pl\/wp-content\/uploads\/2025\/06\/myjnia-1152x1536.jpeg 1152w, https:\/\/myjnia-reczna-katowice.pl\/wp-content\/uploads\/2025\/06\/myjnia-1536x2048.jpeg 1536w, https:\/\/myjnia-reczna-katowice.pl\/wp-content\/uploads\/2025\/06\/myjnia-scaled.jpeg 1920w\" sizes=\"auto, (max-width: 768px) 100vw, 768px\" \/><\/figure>\n\n\n\n<p>Mapa dojazdowa:<\/p>\n\n\n\n<iframe src=\"https:\/\/www.google.com\/maps\/embed?pb=!1m18!1m12!1m3!1d536.5899677475425!2d18.986919319317074!3d50.227190551576896!2m3!1f0!2f0!3f0!3m2!1i1024!2i768!4f13.1!3m3!1m2!1s0x4716ceec7afb97ad%3A0xe5dffc6b9839dc56!2sK%C5%82odnicka%2044%2C%2040-702%20Katowice!5e0!3m2!1spl!2spl!4v1750151067086!5m2!1spl!2spl\" width=\"600\" height=\"450\" style=\"border:0;\" allowfullscreen=\"\" loading=\"lazy\" referrerpolicy=\"no-referrer-when-downgrade\"><\/iframe>\n\n\n\n<p><\/p>\n","protected":false},"excerpt":{"rendered":"<p>Dane Kontaktowe: Myjnia R\u0119czna &#8211; Ma\u0142gorzata Ba\u0144czykul. K\u0142odnicka 4440-702 Katowice strona: www.myjnia-reczna-katowice.pl telefon: 881-788-809 mail: kontakt@myjnia-reczna-katowice.pl Mapa dojazdowa:<\/p>\n","protected":false},"author":1,"featured_media":22,"parent":0,"menu_order":0,"comment_status":"closed","ping_status":"closed","template":"","meta":{"footnotes":""},"class_list":["post-11","page","type-page","status-publish","has-post-thumbnail","hentry"],"_links":{"self":[{"href":"https:\/\/myjnia-reczna-katowice.pl\/index.php?rest_route=\/wp\/v2\/pages\/11","targetHints":{"allow":["GET"]}}],"collection":[{"href":"https:\/\/myjnia-reczna-katowice.pl\/index.php?rest_route=\/wp\/v2\/pages"}],"about":[{"href":"https:\/\/myjnia-reczna-katowice.pl\/index.php?rest_route=\/wp\/v2\/types\/page"}],"author":[{"embeddable":true,"href":"https:\/\/myjnia-reczna-katowice.pl\/index.php?rest_route=\/wp\/v2\/users\/1"}],"replies":[{"embeddable":true,"href":"https:\/\/myjnia-reczna-katowice.pl\/index.php?rest_route=%2Fwp%2Fv2%2Fcomments&post=11"}],"version-history":[{"count":6,"href":"https:\/\/myjnia-reczna-katowice.pl\/index.php?rest_route=\/wp\/v2\/pages\/11\/revisions"}],"predecessor-version":[{"id":63,"href":"https:\/\/myjnia-reczna-katowice.pl\/index.php?rest_route=\/wp\/v2\/pages\/11\/revisions\/63"}],"wp:featuredmedia":[{"embeddable":true,"href":"https:\/\/myjnia-reczna-katowice.pl\/index.php?rest_route=\/wp\/v2\/media\/22"}],"wp:attachment":[{"href":"https:\/\/myjnia-reczna-katowice.pl\/index.php?rest_route=%2Fwp%2Fv2%2Fmedia&parent=11"}],"curies":[{"name":"wp","href":"https:\/\/api.w.org\/{rel}","templated":true}]}}