{"id":29,"date":"2025-06-17T09:36:52","date_gmt":"2025-06-17T07:36:52","guid":{"rendered":"http:\/\/myjnia-reczna-katowice.pl\/?page_id=29"},"modified":"2025-06-17T10:36:42","modified_gmt":"2025-06-17T08:36:42","slug":"o-nas","status":"publish","type":"page","link":"https:\/\/myjnia-reczna-katowice.pl\/?page_id=29","title":{"rendered":"O nas"},"content":{"rendered":"\n<p><strong>Marzysz o czystym i zadbanym aucie? <\/strong><\/p>\n\n\n\n<p><strong>Zapraszamy do naszej Myjni R\u0119cznej znajduj\u0105cej si\u0119 w Katowicach przy ul. K\u0142odnickiej 44!<\/strong><\/p>\n\n\n\n<p>Nasze do\u015bwiadczone pracownice \u2013 Ma\u0142gosia i Karina \u2013 dbaj\u0105 o ka\u017cdy detal, zapewniaj\u0105c najwy\u017csz\u0105 jako\u015b\u0107 us\u0142ug.<br>Korzystamy wy\u0142\u0105cznie z profesjonalnych, bezpiecznych \u015brodk\u00f3w czysto\u015bci oraz sprawdzonych technik piel\u0119gnacji pojazd\u00f3w.<br>Nasz\u0105 najwi\u0119ksz\u0105 satysfakcj\u0105 s\u0105 setki zadowolonych klient\u00f3w, kt\u00f3rzy regularnie do nas wracaj\u0105.<\/p>\n\n\n\n<p><strong>Zapraszamy \u2013 zadbaj o sw\u00f3j samoch\u00f3d z nami!<\/strong><\/p>\n\n\n\n<p><\/p>\n\n\n\n<p><\/p>\n\n\n\n<p><\/p>\n\n\n\n<p><\/p>\n\n\n\n<p><\/p>\n\n\n\n<p><\/p>\n\n\n\n<p><\/p>\n\n\n\n<p><\/p>\n\n\n\n<p><\/p>\n\n\n\n<p><\/p>\n\n\n\n<p><\/p>\n\n\n\n<p><\/p>\n\n\n\n<p><\/p>\n\n\n\n<p><\/p>\n\n\n\n<p><\/p>\n\n\n\n<p><\/p>\n\n\n\n<p><\/p>\n\n\n\n<p><\/p>\n\n\n\n<p><\/p>\n\n\n\n<p><\/p>\n","protected":false},"excerpt":{"rendered":"<p>Marzysz o czystym i zadbanym aucie? Zapraszamy do naszej Myjni R\u0119cznej znajduj\u0105cej si\u0119 w Katowicach przy ul. K\u0142odnickiej 44! Nasze do\u015bwiadczone pracownice \u2013 Ma\u0142gosia i Karina \u2013 dbaj\u0105 o ka\u017cdy detal, zapewniaj\u0105c najwy\u017csz\u0105 jako\u015b\u0107 us\u0142ug.Korzystamy wy\u0142\u0105cznie z profesjonalnych, bezpiecznych \u015brodk\u00f3w czysto\u015bci oraz sprawdzonych technik piel\u0119gnacji pojazd\u00f3w.Nasz\u0105 najwi\u0119ksz\u0105 satysfakcj\u0105 s\u0105 setki zadowolonych klient\u00f3w, kt\u00f3rzy regularnie do [&hellip;]<\/p>\n","protected":false},"author":1,"featured_media":22,"parent":0,"menu_order":0,"comment_status":"closed","ping_status":"closed","template":"","meta":{"footnotes":""},"class_list":["post-29","page","type-page","status-publish","has-post-thumbnail","hentry"],"_links":{"self":[{"href":"https:\/\/myjnia-reczna-katowice.pl\/index.php?rest_route=\/wp\/v2\/pages\/29","targetHints":{"allow":["GET"]}}],"collection":[{"href":"https:\/\/myjnia-reczna-katowice.pl\/index.php?rest_route=\/wp\/v2\/pages"}],"about":[{"href":"https:\/\/myjnia-reczna-katowice.pl\/index.php?rest_route=\/wp\/v2\/types\/page"}],"author":[{"embeddable":true,"href":"https:\/\/myjnia-reczna-katowice.pl\/index.php?rest_route=\/wp\/v2\/users\/1"}],"replies":[{"embeddable":true,"href":"https:\/\/myjnia-reczna-katowice.pl\/index.php?rest_route=%2Fwp%2Fv2%2Fcomments&post=29"}],"version-history":[{"count":5,"href":"https:\/\/myjnia-reczna-katowice.pl\/index.php?rest_route=\/wp\/v2\/pages\/29\/revisions"}],"predecessor-version":[{"id":48,"href":"https:\/\/myjnia-reczna-katowice.pl\/index.php?rest_route=\/wp\/v2\/pages\/29\/revisions\/48"}],"wp:featuredmedia":[{"embeddable":true,"href":"https:\/\/myjnia-reczna-katowice.pl\/index.php?rest_route=\/wp\/v2\/media\/22"}],"wp:attachment":[{"href":"https:\/\/myjnia-reczna-katowice.pl\/index.php?rest_route=%2Fwp%2Fv2%2Fmedia&parent=29"}],"curies":[{"name":"wp","href":"https:\/\/api.w.org\/{rel}","templated":true}]}}